{"id":64,"date":"2025-03-26T17:34:17","date_gmt":"2025-03-26T17:34:17","guid":{"rendered":"https:\/\/janjakosi.com\/?page_id=64"},"modified":"2025-10-08T10:18:47","modified_gmt":"2025-10-08T10:18:47","slug":"about","status":"publish","type":"page","link":"https:\/\/janjakosi.com\/sl\/about\/","title":{"rendered":"O meni"},"content":{"rendered":"<div style=\"height:100px\" aria-hidden=\"true\" class=\"wp-block-spacer\"><\/div>\n\n\n\n<div class=\"wp-block-group has-background has-global-padding is-layout-constrained wp-container-core-group-is-layout-3d6015ca wp-block-group-is-layout-constrained\" style=\"border-radius:400px;background:radial-gradient(rgba(253,234,193,0.09) 0%,rgb(255,228,207) 100%);margin-top:0;margin-bottom:0;padding-top:var(--wp--preset--spacing--70);padding-right:0;padding-bottom:var(--wp--preset--spacing--80);padding-left:0\">\n<div class=\"wp-block-columns alignfull is-layout-flex wp-container-core-columns-is-layout-6a794e71 wp-block-columns-is-layout-flex\" style=\"border-radius:100px;margin-top:0;margin-bottom:0;padding-right:var(--wp--preset--spacing--50);padding-left:var(--wp--preset--spacing--50)\">\n<div class=\"wp-block-column is-layout-flow wp-block-column-is-layout-flow\" style=\"flex-basis:5%\">\n<div style=\"height:84px\" aria-hidden=\"true\" class=\"wp-block-spacer\"><\/div>\n\n\n\n<p style=\"font-size:0.5rem;font-style:normal;font-weight:200;writing-mode:vertical-rl\">Foto: Ur\u0161ka Boljkovac, MGLC arhiv<\/p>\n<\/div>\n\n\n\n<div class=\"wp-block-column is-layout-flow wp-block-column-is-layout-flow\" style=\"flex-basis:28.57%\">\n<div style=\"height:57px\" aria-hidden=\"true\" class=\"wp-block-spacer\"><\/div>\n\n\n\n<figure class=\"wp-block-image size-full is-style-rounded\"><img loading=\"lazy\" decoding=\"async\" width=\"6122\" height=\"4082\" src=\"https:\/\/janjakosi.com\/wp-content\/uploads\/2025\/04\/portrtena-fotografija_urska-Boljkovac_-arhiv-mglc.jpg\" alt=\"\" class=\"wp-image-366\" style=\"aspect-ratio:1;object-fit:cover\"\/><\/figure>\n<\/div>\n\n\n\n<div class=\"wp-block-column is-vertically-aligned-bottom is-layout-flow wp-block-column-is-layout-flow\" style=\"flex-basis:38.1%\">\n<p class=\"has-text-align-left\" style=\"font-size:0.7rem\">Janja Kosi (1994, Maribor) je \u0161tudirala slikarstvo na Akademiji za likovno umetnost in oblikovanje v Ljubljani, kjer je leta 2016 diplomirala in leta 2020 magistrirala. Del \u0161tudija je pre\u017eivela na Hochschule f\u00fcr Grafik und Buchkunst v Leipzigu in sodelovala na ve\u010d samostojnih in skupinskih razstavah.&nbsp;<\/p>\n\n\n\n<p style=\"font-size:0.7rem\">Ukvarja se z vizualno umetnostjo, ilustracijo in animacijo.<\/p>\n<\/div>\n<\/div>\n<\/div>\n\n\n\n<div style=\"height:218px\" aria-hidden=\"true\" class=\"wp-block-spacer\"><\/div>\n\n\n\n<div class=\"wp-block-columns alignwide is-layout-flex wp-container-core-columns-is-layout-d0b3c9c8 wp-block-columns-is-layout-flex\">\n<div class=\"wp-block-column is-layout-flow wp-block-column-is-layout-flow\" style=\"flex-basis:5%\"><\/div>\n\n\n\n<div class=\"wp-block-column has-background is-layout-flow wp-container-core-column-is-layout-5a9d23df wp-block-column-is-layout-flow\" style=\"border-radius:300px;background:radial-gradient(rgb(245,213,250) 0%,rgb(196,223,251) 100%);padding-top:var(--wp--preset--spacing--80);padding-right:var(--wp--preset--spacing--70);padding-bottom:var(--wp--preset--spacing--80);padding-left:var(--wp--preset--spacing--70);flex-basis:44.45%\">\n<p class=\"has-large-font-size\"><strong>Vizualna umetnost<\/strong><\/p>\n\n\n\n<p class=\"is-style-text-display has-small-font-size is-style-text-display--1 translation-block\" style=\"font-style:normal;font-weight:300\">S prehajanjem skozi razli\u010dnih medije v prostorske instalacije raziskujem pojme (ne)prostora, doma, doma\u010dnosti ter razmerje med \u010dlovekom in arhitekturo. Moja praksa je konstantna izmenjava med zaznavo in prostorom \u2013 med tem, kar je dano, in tem, kar je ustvarjeno.<\/p>\n\n\n\n<p class=\"is-style-text-display has-small-font-size is-style-text-display--2 translation-block\" style=\"font-style:normal;font-weight:300\">Postavljam vpra\u0161anja, kdaj in kako prostor postane kraj ter kdaj kraj za\u010dne ponovno razpadati v prostor. Opazujem plasti, ki sestavljajo na\u0161e do\u017eivljanje prostor: fizi\u010dno, du\u0161evno, \u010dustveno, zgodovinsko.<\/p>\n\n\n\n<p class=\"is-style-text-display has-small-font-size is-style-text-display--3\" style=\"font-style:normal;font-weight:300\">My process begins with collecting\u2014information, images, fragments. These materials are then deconstructed, manipulated, and reconfigured into new arrangements.<br>New constructions. New (un)possible spaces.<br>Spaces that resist closure, that remain open to interpretation, to re-reading.<\/p>\n\n\n\n<p class=\"is-style-text-display has-small-font-size is-style-text-display--4 translation-block\" style=\"font-style:normal;font-weight:300\">Vsak projekt izhaja iz konkretnega vpra\u0161anja ali tematskega izhodi\u0161\u010da in se pogosto razvija v tesnem dialogu s specifi\u010dnostmi razstavnega prostora.<\/p>\n<\/div>\n\n\n\n<div class=\"wp-block-column is-layout-flow wp-block-column-is-layout-flow\" style=\"flex-basis:33.33%\">\n<div style=\"height:100px\" aria-hidden=\"true\" class=\"wp-block-spacer\"><\/div>\n\n\n\n<figure class=\"wp-block-image size-full is-resized\"><img loading=\"lazy\" decoding=\"async\" width=\"300\" height=\"300\" src=\"https:\/\/janjakosi.com\/wp-content\/uploads\/2025\/03\/Gif-hisa300_300.gif\" alt=\"\" class=\"wp-image-120\" style=\"width:399px;height:auto\"\/><\/figure>\n<\/div>\n<\/div>\n\n\n\n<div style=\"height:150px\" aria-hidden=\"true\" class=\"wp-block-spacer\"><\/div>\n\n\n\n<div class=\"wp-block-columns alignfull is-layout-flex wp-container-core-columns-is-layout-d0b3c9c8 wp-block-columns-is-layout-flex\">\n<div class=\"wp-block-column is-layout-flow wp-block-column-is-layout-flow\" style=\"flex-basis:40%\">\n<figure class=\"wp-block-image alignright size-full is-resized\"><img loading=\"lazy\" decoding=\"async\" width=\"300\" height=\"300\" src=\"https:\/\/janjakosi.com\/wp-content\/uploads\/2025\/04\/Gif-hisa-v-oblakih-300x300-1.gif\" alt=\"\" class=\"wp-image-944\" style=\"width:415px;height:auto\"\/><\/figure>\n<\/div>\n\n\n\n<div class=\"wp-block-column has-background is-layout-flow wp-container-core-column-is-layout-5a9d23df wp-block-column-is-layout-flow\" style=\"border-radius:300px;background:radial-gradient(rgb(250,241,200) 0%,rgb(255,223,223) 100%);padding-top:var(--wp--preset--spacing--80);padding-right:var(--wp--preset--spacing--70);padding-bottom:var(--wp--preset--spacing--80);padding-left:var(--wp--preset--spacing--70);flex-basis:44.45%\">\n<p class=\"has-text-align-right has-large-font-size\"><strong>Ilustracija<\/strong><\/p>\n\n\n\n<p class=\"has-text-align-right is-style-text-display has-small-font-size is-style-text-display--5\" style=\"font-style:normal;font-weight:300\">n my illustration practice, I explore the relationship between narrative and image. I am particularly interested in children\u2019s illustration, where I strive for a clear yet playful way of conveying a story or message.<br>I work with collage, simple drawing, and digital drawing techniques. Humor often finds its way into my visual language, allowing the message to be communicated in a lighter, more accessible manner.<\/p>\n<\/div>\n\n\n\n<div class=\"wp-block-column is-layout-flow wp-block-column-is-layout-flow\" style=\"flex-basis:5%\"><\/div>\n<\/div>\n\n\n\n<div style=\"height:150px\" aria-hidden=\"true\" class=\"wp-block-spacer\"><\/div>\n\n\n\n<div class=\"wp-block-columns alignwide is-layout-flex wp-container-core-columns-is-layout-d0b3c9c8 wp-block-columns-is-layout-flex\">\n<div class=\"wp-block-column is-layout-flow wp-block-column-is-layout-flow\" style=\"flex-basis:10%\"><\/div>\n\n\n\n<div class=\"wp-block-column has-background is-layout-flow wp-container-core-column-is-layout-5a9d23df wp-block-column-is-layout-flow\" style=\"border-radius:300px;background:radial-gradient(rgb(205,219,250) 5%,rgb(255,251,224) 100%);padding-top:var(--wp--preset--spacing--80);padding-right:var(--wp--preset--spacing--70);padding-bottom:var(--wp--preset--spacing--80);padding-left:var(--wp--preset--spacing--70);flex-basis:44.45%\">\n<p class=\"has-large-font-size\"><strong>Animacija<\/strong><\/p>\n\n\n\n<p class=\"is-style-text-display has-small-font-size is-style-text-display--6\" style=\"font-style:normal;font-weight:300\">I approach animation through an illustrator\u2019s and painter\u2019s perspective, focusing on both traditional hand-drawn and digital animation. In recent years, I have mainly been engaged with animated film through pedagogical work with children.<br>In my teaching practice at animation workshops, I strive for children not only to learn animation techniques but also to understand the entire creative process, which essentially stems from visual art. Together, we explore which visual elements can best convey the message they wish to express through their final film.<\/p>\n<\/div>\n\n\n\n<div class=\"wp-block-column is-layout-flow wp-block-column-is-layout-flow\" style=\"flex-basis:33.33%\">\n<div style=\"height:59px\" aria-hidden=\"true\" class=\"wp-block-spacer\"><\/div>\n\n\n\n<figure class=\"wp-block-image alignright size-full is-resized\"><img loading=\"lazy\" decoding=\"async\" width=\"300\" height=\"300\" src=\"https:\/\/janjakosi.com\/wp-content\/uploads\/2025\/03\/V-hiso-oblak_300x300.gif\" alt=\"\" class=\"wp-image-122\" style=\"width:341px;height:auto\"\/><\/figure>\n<\/div>\n<\/div>\n\n\n\n<div style=\"height:198px\" aria-hidden=\"true\" class=\"wp-block-spacer\"><\/div>","protected":false},"excerpt":{"rendered":"<p>Photo: Ur\u0161ka Boljkovac, MGLC archive Janja Kosi (1994, Maribor) studied painting at the Academy of Fine Arts in Ljubljana, where she also obtained her Bachelor&#8217;s Degree in 2016 and her Master&#8217;s Degree in 2020. She spent some of her study time at the Hochschule f\u00fcr Grafik und Buchkunst in Leipzig and participated in several solo [&hellip;]<\/p>","protected":false},"author":1,"featured_media":0,"parent":0,"menu_order":0,"comment_status":"closed","ping_status":"closed","template":"page-no-title","meta":{"footnotes":""},"class_list":["post-64","page","type-page","status-publish","hentry"],"_links":{"self":[{"href":"https:\/\/janjakosi.com\/sl\/wp-json\/wp\/v2\/pages\/64","targetHints":{"allow":["GET"]}}],"collection":[{"href":"https:\/\/janjakosi.com\/sl\/wp-json\/wp\/v2\/pages"}],"about":[{"href":"https:\/\/janjakosi.com\/sl\/wp-json\/wp\/v2\/types\/page"}],"author":[{"embeddable":true,"href":"https:\/\/janjakosi.com\/sl\/wp-json\/wp\/v2\/users\/1"}],"replies":[{"embeddable":true,"href":"https:\/\/janjakosi.com\/sl\/wp-json\/wp\/v2\/comments?post=64"}],"version-history":[{"count":7,"href":"https:\/\/janjakosi.com\/sl\/wp-json\/wp\/v2\/pages\/64\/revisions"}],"predecessor-version":[{"id":1263,"href":"https:\/\/janjakosi.com\/sl\/wp-json\/wp\/v2\/pages\/64\/revisions\/1263"}],"wp:attachment":[{"href":"https:\/\/janjakosi.com\/sl\/wp-json\/wp\/v2\/media?parent=64"}],"curies":[{"name":"wp","href":"https:\/\/api.w.org\/{rel}","templated":true}]}}